{"id":15,"date":"2025-11-27T19:12:39","date_gmt":"2025-11-27T12:12:39","guid":{"rendered":"https:\/\/www.prague-city-break.eu.com\/?page_id=15"},"modified":"2026-01-29T13:22:01","modified_gmt":"2026-01-29T06:22:01","slug":"88aa","status":"publish","type":"page","link":"https:\/\/www.prague-city-break.eu.com\/","title":{"rendered":"789BET \u2013 Nh\u00e0 C\u00e1i 789BET.COM Update Nhi\u1ec1u Tr\u00f2 Ch\u01a1i V\u00e0 Ph\u1ea7n Th\u01b0\u1edfng H\u1ea5p D\u1eabn"},"content":{"rendered":"\t<div class=\"img has-hover x md-x lg-x y md-y lg-y\" id=\"image_1588182750\">\n\t\t\t\t\t\t\t\t<div class=\"img-inner dark\" >\n\t\t\t<img loading=\"lazy\" decoding=\"async\" width=\"1500\" height=\"390\" src=\"https:\/\/www.prague-city-break.eu.com\/wp-content\/uploads\/2026\/01\/banner-789bet-nam-moi-1.jpg\" class=\"attachment-original size-original\" alt=\"789bet\" srcset=\"https:\/\/www.prague-city-break.eu.com\/wp-content\/uploads\/2026\/01\/banner-789bet-nam-moi-1.jpg 1500w, https:\/\/www.prague-city-break.eu.com\/wp-content\/uploads\/2026\/01\/banner-789bet-nam-moi-1-300x78.jpg 300w, https:\/\/www.prague-city-break.eu.com\/wp-content\/uploads\/2026\/01\/banner-789bet-nam-moi-1-1024x266.jpg 1024w, https:\/\/www.prague-city-break.eu.com\/wp-content\/uploads\/2026\/01\/banner-789bet-nam-moi-1-768x200.jpg 768w\" sizes=\"auto, (max-width: 1500px) 100vw, 1500px\" \/>\t\t\t\t\t\t\n\t\t\t\t\t<\/div>\n\t\t\t\t\t\t\t\t\n<style>\n#image_1588182750 {\n  width: 100%;\n}\n<\/style>\n\t<\/div>\n\t\n<div class=\"container section-title-container\" ><h3 class=\"section-title section-title-center\"><b><\/b><span class=\"section-title-main\" style=\"font-size:110%;\">789BET \u2013 Nh\u00e0 C\u00e1i 789BET.COM Update Nhi\u1ec1u Tr\u00f2 Ch\u01a1i V\u00e0 Ph\u1ea7n Th\u01b0\u1edfng H\u1ea5p D\u1eabn<\/span><b><\/b><\/h3><\/div>\n<div class=\"row\"  id=\"row-1554446996\">\n\n\t<div id=\"col-2054423480\" class=\"col small-12 large-12\"  >\n\t\t\t\t<div class=\"col-inner\"  >\n\t\t\t\n\t\t\t\n<p>789BET l\u00e0 nh\u00e0 c\u00e1i c\u00e1 c\u01b0\u1ee3c tr\u1ef1c tuy\u1ebfn th\u1ebf h\u1ec7 m\u1edbi ra m\u1eaft t\u1ea1i Vi\u1ec7t Nam n\u0103m 2026, nhanh ch\u00f3ng tr\u1edf th\u00e0nh \u0111i\u1ec3m \u0111\u1ebfn gi\u1ea3i tr\u00ed tr\u1ef1c tuy\u1ebfn uy t\u00edn nh\u1edd m\u00f4 h\u00ecnh v\u1eadn h\u00e0nh minh b\u1ea1ch \u2013 h\u1ee3p ph\u00e1p \u2013 chu\u1ea9n qu\u1ed1c t\u1ebf, \u0111\u00e1p \u1ee9ng \u0111\u1ea7y \u0111\u1ee7 nhu c\u1ea7u c\u00e1 c\u01b0\u1ee3c an to\u00e0n v\u00e0 tr\u1ea3i nghi\u1ec7m m\u01b0\u1ee3t m\u00e0 cho ng\u01b0\u1eddi ch\u01a1i Vi\u1ec7t.<\/p>\n<p>789BET \u0111\u01b0\u1ee3c c\u1ea5p ph\u00e9p h\u1ee3p ph\u00e1p b\u1edfi Isle of Man v\u00e0 Cagayan Economic Zone &amp; Freeport, \u0111\u1ea3m b\u1ea3o m\u1ecdi ho\u1ea1t \u0111\u1ed9ng c\u00e1 c\u01b0\u1ee3c \u0111\u1ec1u di\u1ec5n ra trong m\u00f4i tr\u01b0\u1eddng c\u00f4ng b\u1eb1ng, b\u1ea3o m\u1eadt v\u00e0 \u0111\u01b0\u1ee3c ki\u1ec3m so\u00e1t nghi\u00eam ng\u1eb7t. \u0110\u00e2y l\u00e0 y\u1ebfu t\u1ed1 then ch\u1ed1t gi\u00fap th\u01b0\u01a1ng hi\u1ec7u x\u00e2y d\u1ef1ng ni\u1ec1m tin v\u00e0 uy t\u00edn b\u1ec1n v\u1eefng tr\u00ean th\u1ecb tr\u01b0\u1eddng c\u00e1 c\u01b0\u1ee3c tr\u1ef1c tuy\u1ebfn.<\/p>\n<p>M\u1eb7c d\u00f9 m\u1edbi ra m\u1eaft, 789BET Vi\u1ec7t Nam \u0111\u00e3 nhanh ch\u00f3ng thu h\u00fat h\u00e0ng tr\u0103m ngh\u00ecn ng\u01b0\u1eddi ch\u01a1i nh\u1edd giao di\u1ec7n th\u00e2n thi\u1ec7n v\u1edbi ng\u01b0\u1eddi d\u00f9ng, t\u1ef7 l\u1ec7 c\u01b0\u1ee3c c\u1ea1nh tranh c\u00f9ng h\u1ec7 sinh th\u00e1i tr\u00f2 ch\u01a1i \u0111a d\u1ea1ng v\u1edbi h\u01a1n 2.000 s\u1ea3n ph\u1ea9m gi\u1ea3i tr\u00ed nh\u01b0: Th\u1ec3 thao tr\u1ef1c tuy\u1ebfn, Casino Live, Baccarat online, T\u00e0i x\u1ec9u tr\u1ef1c ti\u1ebfp, X\u1ed5 s\u1ed1 3 mi\u1ec1n, Slot game \u0111\u1ed5i th\u01b0\u1edfng, B\u1eafn c\u00e1 3D c\u00f4ng ngh\u1ec7 cao v\u00e0 nhi\u1ec1u game c\u00e1 c\u01b0\u1ee3c \u0111\u1ed9c quy\u1ec1n kh\u00e1c.<\/p>\n<p>Trang ch\u1ee7 789BET.COM \u0111\u01b0\u1ee3c ph\u00e1t tri\u1ec3n tr\u00ean n\u1ec1n t\u1ea3ng c\u00f4ng ngh\u1ec7 hi\u1ec7n \u0111\u1ea1i, \u1ee9ng d\u1ee5ng b\u1ea3o m\u1eadt SSL 256-bit, t\u00edch h\u1ee3p AI th\u00f4ng minh gi\u00fap x\u1eed l\u00fd giao d\u1ecbch nhanh \u2013 ch\u1ed1ng gian l\u1eadn \u2013 t\u1ed1i \u01b0u tr\u1ea3i nghi\u1ec7m, \u0111\u1ea3m b\u1ea3o t\u1ed1c \u0111\u1ed9 truy c\u1eadp \u1ed5n \u0111\u1ecbnh v\u00e0 m\u01b0\u1ee3t m\u00e0 tr\u00ean m\u1ecdi thi\u1ebft b\u1ecb nh\u01b0 PC, Android, iOS.<\/p>\n<p>B\u00ean c\u1ea1nh \u0111\u00f3, 789BET c\u00f2n li\u00ean k\u1ebft tr\u1ef1c ti\u1ebfp v\u1edbi h\u1ec7 th\u1ed1ng ng\u00e2n h\u00e0ng l\u1edbn t\u1ea1i Vi\u1ec7t Nam nh\u01b0 Vietcombank, Techcombank, BIDV c\u00f9ng c\u00e1c v\u00ed \u0111i\u1ec7n t\u1eed ph\u1ed5 bi\u1ebfn g\u1ed3m MoMo, ZaloPay, ViettelPay, gi\u00fap qu\u00e1 tr\u00ecnh n\u1ea1p ti\u1ec1n \u2013 r\u00fat ti\u1ec1n t\u1ef1 \u0111\u1ed9ng ch\u1ec9 m\u1ea5t 1\u20133 ph\u00fat, \u0111\u1ea3m b\u1ea3o an to\u00e0n \u2013 ch\u00ednh x\u00e1c \u2013 kh\u00f4ng ph\u00e1t sinh ph\u00ed.<\/p>\n<p>Ng\u01b0\u1eddi ch\u01a1i c\u00f3 th\u1ec3 \u0111\u0103ng k\u00fd t\u00e0i kho\u1ea3n 789BET ch\u00ednh th\u1ee9c t\u1ea1i: https:\/\/limitedoffernow.africa.com\/<\/p>\n<p>\u0111\u1ec3 nh\u1eadn chu\u1ed7i khuy\u1ebfn m\u00e3i h\u1ea5p d\u1eabn, bao g\u1ed3m:<\/p>\n<p>58K mi\u1ec5n ph\u00ed cho th\u00e0nh vi\u00ean m\u1edbi ho\u00e0n t\u1ea5t \u0111\u0103ng k\u00fd.<br \/>\nTh\u01b0\u1edfng 100% n\u1ea1p \u0111\u1ea7u, gi\u00e1 tr\u1ecb l\u00ean \u0111\u1ebfn h\u00e0ng t\u1ef7 \u0111\u1ed3ng.<br \/>\nHo\u00e0n tr\u1ea3 c\u01b0\u1ee3c h\u1eb1ng ng\u00e0y t\u1eeb 1% \u2013 3,5%, kh\u00f4ng gi\u1edbi h\u1ea1n v\u00f2ng c\u01b0\u1ee3c.<br \/>\nV\u00f2ng quay may m\u1eafn h\u00e0ng tu\u1ea7n, t\u1ed5ng th\u01b0\u1edfng h\u00e0ng tr\u0103m tri\u1ec7u \u0111\u1ed3ng.<br \/>\nCh\u01b0\u01a1ng tr\u00ecnh VIP 789BET v\u1edbi \u0111\u1eb7c quy\u1ec1n ri\u00eang, qu\u00e0 t\u1eb7ng \u0111\u1ecbnh k\u1ef3 v\u00e0 ch\u0103m s\u00f3c kh\u00e1ch h\u00e0ng \u01b0u ti\u00ean 24\/7.<\/p>\n<p>789BET kh\u00f4ng ch\u1ec9 l\u00e0 m\u1ed9t nh\u00e0 c\u00e1i c\u00e1 c\u01b0\u1ee3c online, m\u00e0 c\u00f2n l\u00e0 n\u1ec1n t\u1ea3ng gi\u1ea3i tr\u00ed tr\u1ef1c tuy\u1ebfn to\u00e0n di\u1ec7n, mang \u0111\u1ebfn c\u01a1 h\u1ed9i gia t\u0103ng thu nh\u1eadp, tr\u1ea3i nghi\u1ec7m \u0111\u1eb3ng c\u1ea5p qu\u1ed1c t\u1ebf v\u00e0 h\u00e0nh tr\u00ecnh chinh ph\u1ee5c \u0111\u1ec9nh cao c\u00e1 c\u01b0\u1ee3c cho m\u1ecdi ng\u01b0\u1eddi ch\u01a1i Vi\u1ec7t Nam.<\/p>\n\t\t<\/div>\n\t\t\t\t\t<\/div>\n\n\t\n<\/div>\n<div class=\"row\"  id=\"row-166983633\">\n\n\t<div id=\"col-1294747199\" class=\"col medium-4 small-12 large-4\"  >\n\t\t\t\t<div class=\"col-inner\"  >\n\t\t\t\n\t\t\t\n\t\t<\/div>\n\t\t\t\t\t<\/div>\n\n\t\n\n\t<div id=\"col-830704787\" class=\"col medium-4 small-12 large-4\"  >\n\t\t\t\t<div class=\"col-inner\"  >\n\t\t\t\n\t\t\t\n\t\t<\/div>\n\t\t\t\t\t<\/div>\n\n\t\n\n\t<div id=\"col-64651377\" class=\"col medium-4 small-12 large-4\"  >\n\t\t\t\t<div class=\"col-inner\"  >\n\t\t\t\n\t\t\t\n\t\t<\/div>\n\t\t\t\t\t<\/div>\n\n\t\n<\/div>\n\n  \n    <div class=\"row large-columns-3 medium-columns-1 small-columns-1 slider row-slider slider-nav-reveal slider-nav-push\"  data-flickity-options='{\"imagesLoaded\": true, \"groupCells\": \"100%\", \"dragThreshold\" : 5, \"cellAlign\": \"left\",\"wrapAround\": true,\"prevNextButtons\": true,\"percentPosition\": true,\"pageDots\": false, \"rightToLeft\": false, \"autoPlay\" : false}' >\n\n  <div class=\"col post-item\" >\n\t\t\t<div class=\"col-inner\">\n\t\t\t\t<div class=\"box box-normal box-text-bottom box-blog-post has-hover\">\n          \t\t\t\t\t<div class=\"box-text text-center\" >\n\t\t\t\t\t<div class=\"box-text-inner blog-post-inner\">\n\n\t\t\t\t\t\n\t\t\t\t\t\t\t\t\t\t<h5 class=\"post-title is-large \">\n\t\t\t\t\t\t<a href=\"https:\/\/www.prague-city-break.eu.com\/index.php\/2026\/01\/28\/789bet-nha-cai-789bet-com-update-nhieu-tro-choi-va-phan-thuong-hap-dan\/\" class=\"plain\">789BET \u2013 Nh\u00e0 C\u00e1i 789BET.COM Update Nhi\u1ec1u Tr\u00f2 Ch\u01a1i V\u00e0 Ph\u1ea7n Th\u01b0\u1edfng H\u1ea5p D\u1eabn<\/a>\n\t\t\t\t\t<\/h5>\n\t\t\t\t\t<div class=\"post-meta is-small op-8\">28 Th\u00e1ng 1, 2026<\/div>\t\t\t\t\t<div class=\"is-divider\"><\/div>\n\t\t\t\t\t\t\t\t\t\t<p class=\"from_the_blog_excerpt \">\n\t\t\t\t\t\t789BET l\u00e0 nh\u00e0 c\u00e1i c\u00e1 c\u01b0\u1ee3c tr\u1ef1c tuy\u1ebfn th\u1ebf h\u1ec7 m\u1edbi ra m\u1eaft t\u1ea1i Vi\u1ec7t [...]\t\t\t\t\t<\/p>\n\t\t\t\t\t                    \n\t\t\t\t\t\n\t\t\t\t\t\n\t\t\t\t\t<\/div>\n\t\t\t\t\t<\/div>\n\t\t\t\t\t\t\t\t\t<\/div>\n\t\t\t<\/div>\n\t\t<\/div><div class=\"col post-item\" >\n\t\t\t<div class=\"col-inner\">\n\t\t\t\t<div class=\"box box-normal box-text-bottom box-blog-post has-hover\">\n          \t\t\t\t\t<div class=\"box-text text-center\" >\n\t\t\t\t\t<div class=\"box-text-inner blog-post-inner\">\n\n\t\t\t\t\t\n\t\t\t\t\t\t\t\t\t\t<h5 class=\"post-title is-large \">\n\t\t\t\t\t\t<a href=\"https:\/\/www.prague-city-break.eu.com\/index.php\/2025\/11\/27\/chao-moi-nguoi\/\" class=\"plain\">Ch\u00e0o t\u1ea5t c\u1ea3 m\u1ecdi ng\u01b0\u1eddi!<\/a>\n\t\t\t\t\t<\/h5>\n\t\t\t\t\t<div class=\"post-meta is-small op-8\">27 Th\u00e1ng m\u01b0\u1eddi m\u1ed9t, 2025<\/div>\t\t\t\t\t<div class=\"is-divider\"><\/div>\n\t\t\t\t\t\t\t\t\t\t<p class=\"from_the_blog_excerpt \">\n\t\t\t\t\t\tC\u1ea3m \u01a1n v\u00ec \u0111\u00e3 s\u1eed d\u1ee5ng WordPress. \u0110\u00e2y l\u00e0 b\u00e0i vi\u1ebft \u0111\u1ea7u ti\u00ean c\u1ee7a b\u1ea1n. [...]\t\t\t\t\t<\/p>\n\t\t\t\t\t                                            <p class=\"from_the_blog_comments uppercase is-xsmall\">\n                            1 C\u00e1c b\u00ecnh lu\u1eadn                        <\/p>\n                    \n\t\t\t\t\t\n\t\t\t\t\t\n\t\t\t\t\t<\/div>\n\t\t\t\t\t<\/div>\n\t\t\t\t\t\t\t\t\t<\/div>\n\t\t\t<\/div>\n\t\t<\/div><\/div>\n","protected":false},"excerpt":{"rendered":"","protected":false},"author":1,"featured_media":45,"parent":0,"menu_order":0,"comment_status":"closed","ping_status":"closed","template":"page-blank.php","meta":{"footnotes":""},"class_list":["post-15","page","type-page","status-publish","has-post-thumbnail","hentry"],"_links":{"self":[{"href":"https:\/\/www.prague-city-break.eu.com\/index.php\/wp-json\/wp\/v2\/pages\/15","targetHints":{"allow":["GET"]}}],"collection":[{"href":"https:\/\/www.prague-city-break.eu.com\/index.php\/wp-json\/wp\/v2\/pages"}],"about":[{"href":"https:\/\/www.prague-city-break.eu.com\/index.php\/wp-json\/wp\/v2\/types\/page"}],"author":[{"embeddable":true,"href":"https:\/\/www.prague-city-break.eu.com\/index.php\/wp-json\/wp\/v2\/users\/1"}],"replies":[{"embeddable":true,"href":"https:\/\/www.prague-city-break.eu.com\/index.php\/wp-json\/wp\/v2\/comments?post=15"}],"version-history":[{"count":18,"href":"https:\/\/www.prague-city-break.eu.com\/index.php\/wp-json\/wp\/v2\/pages\/15\/revisions"}],"predecessor-version":[{"id":95,"href":"https:\/\/www.prague-city-break.eu.com\/index.php\/wp-json\/wp\/v2\/pages\/15\/revisions\/95"}],"wp:featuredmedia":[{"embeddable":true,"href":"https:\/\/www.prague-city-break.eu.com\/index.php\/wp-json\/wp\/v2\/media\/45"}],"wp:attachment":[{"href":"https:\/\/www.prague-city-break.eu.com\/index.php\/wp-json\/wp\/v2\/media?parent=15"}],"curies":[{"name":"wp","href":"https:\/\/api.w.org\/{rel}","templated":true}]}}